{"id":232,"date":"2021-08-12T12:25:47","date_gmt":"2021-08-12T12:25:47","guid":{"rendered":"http:\/\/localhost\/rm\/wordpress\/?page_id=44"},"modified":"2022-08-17T12:15:24","modified_gmt":"2022-08-17T12:15:24","slug":"la-fundacion","status":"publish","type":"page","link":"https:\/\/www.fundacionhechoenbolivia.com\/redmarcas\/la-fundacion\/","title":{"rendered":"LA FUNDACION"},"content":{"rendered":"\t\t<div data-elementor-type=\"wp-page\" data-elementor-id=\"232\" class=\"elementor elementor-232\" data-elementor-settings=\"[]\">\n\t\t\t\t\t\t\t<div class=\"elementor-section-wrap\">\n\t\t\t\t\t\t\t<header class=\"elementor-section elementor-top-section elementor-element elementor-element-0cd8535 elementor-section-full_width elementor-section-height-min-height elementor-section-items-top elementor-section-height-default\" data-id=\"0cd8535\" data-element_type=\"section\" data-settings=\"{&quot;background_background&quot;:&quot;slideshow&quot;,&quot;background_slideshow_ken_burns&quot;:&quot;yes&quot;,&quot;background_slideshow_gallery&quot;:[],&quot;background_slideshow_loop&quot;:&quot;yes&quot;,&quot;background_slideshow_slide_duration&quot;:5000,&quot;background_slideshow_slide_transition&quot;:&quot;fade&quot;,&quot;background_slideshow_transition_duration&quot;:500,&quot;background_slideshow_ken_burns_zoom_direction&quot;:&quot;in&quot;}\">\n\t\t\t\t\t\t<div class=\"elementor-container elementor-column-gap-default\">\n\t\t\t\t\t<div class=\"elementor-column elementor-col-100 elementor-top-column elementor-element elementor-element-ccae296\" data-id=\"ccae296\" data-element_type=\"column\">\n\t\t\t<div class=\"elementor-widget-wrap elementor-element-populated\">\n\t\t\t\t\t\t\t\t<div class=\"elementor-element elementor-element-7bc8ee8 elementor-widget elementor-widget-image-carousel\" data-id=\"7bc8ee8\" data-element_type=\"widget\" data-settings=\"{&quot;slides_to_show&quot;:&quot;1&quot;,&quot;navigation&quot;:&quot;none&quot;,&quot;autoplay&quot;:&quot;yes&quot;,&quot;pause_on_hover&quot;:&quot;yes&quot;,&quot;pause_on_interaction&quot;:&quot;yes&quot;,&quot;autoplay_speed&quot;:5000,&quot;infinite&quot;:&quot;yes&quot;,&quot;effect&quot;:&quot;slide&quot;,&quot;speed&quot;:500}\" data-widget_type=\"image-carousel.default\">\n\t\t\t\t<div class=\"elementor-widget-container\">\n\t\t\t\t\t<div class=\"elementor-image-carousel-wrapper swiper-container\" dir=\"ltr\">\n\t\t\t<div class=\"elementor-image-carousel swiper-wrapper\">\n\t\t\t\t\t\t\t\t<div class=\"swiper-slide\"><figure class=\"swiper-slide-inner\"><img decoding=\"async\" class=\"swiper-slide-image\" src=\"https:\/\/www.fundacionhechoenbolivia.com\/redmarcas\/wp-content\/uploads\/2021\/11\/4.jpg\" alt=\"4\" \/><\/figure><\/div><div class=\"swiper-slide\"><figure class=\"swiper-slide-inner\"><img decoding=\"async\" class=\"swiper-slide-image\" src=\"https:\/\/www.fundacionhechoenbolivia.com\/redmarcas\/wp-content\/uploads\/2021\/11\/6-5.jpg\" alt=\"6\" \/><\/figure><\/div>\t\t\t<\/div>\n\t\t\t\t\t\t\t\t\t\t\t\t\t\t\t\t<\/div>\n\t\t\t\t<\/div>\n\t\t\t\t<\/div>\n\t\t\t\t\t<\/div>\n\t\t<\/div>\n\t\t\t\t\t\t\t<\/div>\n\t\t<\/header>\n\t\t\t\t<section class=\"elementor-section elementor-top-section elementor-element elementor-element-6f41a58 elementor-section-full_width elementor-section-height-default elementor-section-height-default\" data-id=\"6f41a58\" data-element_type=\"section\">\n\t\t\t\t\t\t<div class=\"elementor-container elementor-column-gap-default\">\n\t\t\t\t\t<div class=\"elementor-column elementor-col-100 elementor-top-column elementor-element elementor-element-a9454b8\" data-id=\"a9454b8\" data-element_type=\"column\">\n\t\t\t<div class=\"elementor-widget-wrap elementor-element-populated\">\n\t\t\t\t\t\t\t\t<div class=\"elementor-element elementor-element-1308f20 hfe-nav-menu__align-center hfe-nav-menu__breakpoint-none hfe-submenu-icon-classic hfe-submenu-animation-none hfe-link-redirect-child elementor-widget elementor-widget-navigation-menu\" data-id=\"1308f20\" data-element_type=\"widget\" data-widget_type=\"navigation-menu.default\">\n\t\t\t\t<div class=\"elementor-widget-container\">\n\t\t\t\t\t\t<div class=\"hfe-nav-menu hfe-layout-horizontal hfe-nav-menu-layout horizontal hfe-pointer__double-line hfe-animation__fade\" data-layout=\"horizontal\">\n\t\t\t\t<div class=\"hfe-nav-menu__toggle elementor-clickable\">\n\t\t\t\t\t<div class=\"hfe-nav-menu-icon\">\n\t\t\t\t\t\t\t\t\t\t\t<\/div>\n\t\t\t\t<\/div>\n\t\t\t\t<nav class=\"hfe-nav-menu__layout-horizontal hfe-nav-menu__submenu-classic\" data-toggle-icon=\"\" data-close-icon=\"\" data-full-width=\"\"><ul id=\"menu-1-1308f20\" class=\"hfe-nav-menu\"><li id=\"menu-item-39\" class=\"menu-item menu-item-type-custom menu-item-object-custom menu-item-home parent hfe-creative-menu\"><a href=\"http:\/\/www.fundacionhechoenbolivia.com\/redmarcas\/\" class = \"hfe-menu-item\">INICIO<\/a><\/li>\n<li id=\"menu-item-40\" class=\"menu-item menu-item-type-custom menu-item-object-custom parent hfe-creative-menu\"><a href=\"http:\/\/www.fundacionhechoenbolivia.com\/redmarcas\/la-fundacion\/\" class = \"hfe-menu-item\">LA FUNDACI\u00d3N<\/a><\/li>\n<li id=\"menu-item-41\" class=\"menu-item menu-item-type-custom menu-item-object-custom parent hfe-creative-menu\"><a href=\"http:\/\/www.fundacionhechoenbolivia.com\/redmarcas\/objetivos-de-la-red\/\" class = \"hfe-menu-item\">OBJETIVOS DE LA RED<\/a><\/li>\n<li id=\"menu-item-42\" class=\"menu-item menu-item-type-custom menu-item-object-custom parent hfe-creative-menu\"><a href=\"http:\/\/www.fundacionhechoenbolivia.com\/redmarcas\/donaciones-voluntarias\" class = \"hfe-menu-item\">DONACIONES VOLUNTARIAS<\/a><\/li>\n<li id=\"menu-item-43\" class=\"menu-item menu-item-type-custom menu-item-object-custom parent hfe-creative-menu\"><a href=\"http:\/\/www.fundacionhechoenbolivia.com\/redmarcas\/formulario-registro\/\" class = \"hfe-menu-item\">FORM. REGISTRO<\/a><\/li>\n<li id=\"menu-item-44\" class=\"menu-item menu-item-type-custom menu-item-object-custom parent hfe-creative-menu\"><a href=\"http:\/\/www.fundacionhechoenbolivia.com\/redmarcas\/asistencia-tecnica\/\" class = \"hfe-menu-item\">ASISTENCIA TECNICA<\/a><\/li>\n<li id=\"menu-item-45\" class=\"menu-item menu-item-type-custom menu-item-object-custom menu-item-home parent hfe-creative-menu\"><a href=\"http:\/\/www.fundacionhechoenbolivia.com\/redmarcas\/\" class = \"hfe-menu-item\">MARCAS<\/a><\/li>\n<\/ul><\/nav>              \n\t\t\t<\/div>\n\t\t\t\t\t<\/div>\n\t\t\t\t<\/div>\n\t\t\t\t\t<\/div>\n\t\t<\/div>\n\t\t\t\t\t\t\t<\/div>\n\t\t<\/section>\n\t\t\t\t<section class=\"elementor-section elementor-top-section elementor-element elementor-element-2e25895 elementor-section-full_width elementor-section-height-default elementor-section-height-default\" data-id=\"2e25895\" data-element_type=\"section\">\n\t\t\t\t\t\t<div class=\"elementor-container elementor-column-gap-default\">\n\t\t\t\t\t<div class=\"elementor-column elementor-col-100 elementor-top-column elementor-element elementor-element-05ef611\" data-id=\"05ef611\" data-element_type=\"column\">\n\t\t\t<div class=\"elementor-widget-wrap elementor-element-populated\">\n\t\t\t\t\t\t\t\t<section class=\"elementor-section elementor-inner-section elementor-element elementor-element-39436e2 elementor-section-full_width elementor-section-height-min-height elementor-section-height-default\" data-id=\"39436e2\" data-element_type=\"section\">\n\t\t\t\t\t\t<div class=\"elementor-container elementor-column-gap-default\">\n\t\t\t\t\t<div class=\"elementor-column elementor-col-100 elementor-inner-column elementor-element elementor-element-6c643ea\" data-id=\"6c643ea\" data-element_type=\"column\">\n\t\t\t<div class=\"elementor-widget-wrap elementor-element-populated\">\n\t\t\t\t\t\t\t\t<div class=\"elementor-element elementor-element-d583817 elementor-widget elementor-widget-heading\" data-id=\"d583817\" data-element_type=\"widget\" data-widget_type=\"heading.default\">\n\t\t\t\t<div class=\"elementor-widget-container\">\n\t\t\t<h2 class=\"elementor-heading-title elementor-size-default\">LA FUNDACION HECHO EN BOLIVIA<\/h2>\t\t<\/div>\n\t\t\t\t<\/div>\n\t\t\t\t\t<\/div>\n\t\t<\/div>\n\t\t\t\t\t\t\t<\/div>\n\t\t<\/section>\n\t\t\t\t<section class=\"elementor-section elementor-inner-section elementor-element elementor-element-696f0ed elementor-section-full_width elementor-section-height-default elementor-section-height-default\" data-id=\"696f0ed\" data-element_type=\"section\">\n\t\t\t\t\t\t<div class=\"elementor-container elementor-column-gap-default\">\n\t\t\t\t\t<div class=\"elementor-column elementor-col-100 elementor-inner-column elementor-element elementor-element-10d4100\" data-id=\"10d4100\" data-element_type=\"column\">\n\t\t\t<div class=\"elementor-widget-wrap elementor-element-populated\">\n\t\t\t\t\t\t\t\t<div class=\"elementor-element elementor-element-9cb9626 elementor-widget elementor-widget-text-editor\" data-id=\"9cb9626\" data-element_type=\"widget\" data-widget_type=\"text-editor.default\">\n\t\t\t\t<div class=\"elementor-widget-container\">\n\t\t\t\t\t\t\t<p>La Fundaci\u00f3n Hecho en Bolivia, cuenta con Personalidad Jur\u00eddica (R.M. N\u00b0030\/2016), para desarrollar actividades no financieras en todos los Departamentos que comprenden el territorio del Estado Plurinacional de Bolivia. LA FUNDACI\u00d3N es una persona jur\u00eddica de derecho privado; sin fines de lucro. El alcance de las actividades realizadas por la FUNDACION, se orientan a contribuir al Desarrollo Econ\u00f3mico Social, conforme los lineamientos establecidos en la Planificaci\u00f3n Nacional, las Pol\u00edticas nacionales y las Pol\u00edticas sectoriales. LA FUNDACI\u00d3N, tiene como objeto, seg\u00fan lo establecido por su Estatuto, \u201cContribuir al desarrollo y la integraci\u00f3n de los productos y servicios nacionales, promoviendo todo tipo de actividades de promoci\u00f3n, fomento, capacitaci\u00f3n, innovaci\u00f3n, premiaci\u00f3n e informaci\u00f3n, articulando actores y recursos para lograr el crecimiento econ\u00f3mico y empleo sostenible en un entorno integral y colaborativo\u201d.<\/p><p>LA RED DE MARCAS, es una iniciativa para el cumplimiento de los objetivos de la Fundaci\u00f3n; ya que una de sus funciones de la FUNDACI\u00d3N es recibir, administrar, asignar e invertir donaciones.<\/p><p>Las donaciones se utilizaran en: la elaboraci\u00f3n de spots y cu\u00f1as radiales de concientizaci\u00f3n por sectores y rubros con difusi\u00f3n masiva a trav\u00e9s de las redes sociales; contar con personal especializado para consultas gratuitas de los emprendedores y empresas; elaboraci\u00f3n de cat\u00e1logos de productos y servicios (ofertas y promociones)<\/p><p><strong>LO BUENO&#8230; SE SIENTE!<\/strong><\/p>\t\t\t\t\t\t<\/div>\n\t\t\t\t<\/div>\n\t\t\t\t\t<\/div>\n\t\t<\/div>\n\t\t\t\t\t\t\t<\/div>\n\t\t<\/section>\n\t\t\t\t\t<\/div>\n\t\t<\/div>\n\t\t\t\t\t\t\t<\/div>\n\t\t<\/section>\n\t\t\t\t<section class=\"elementor-section elementor-top-section elementor-element elementor-element-becb85b elementor-section-full_width elementor-section-height-default elementor-section-height-default\" data-id=\"becb85b\" data-element_type=\"section\" data-settings=\"{&quot;background_background&quot;:&quot;classic&quot;}\">\n\t\t\t\t\t\t<div class=\"elementor-container elementor-column-gap-default\">\n\t\t\t\t\t<div class=\"elementor-column elementor-col-100 elementor-top-column elementor-element elementor-element-b03613c\" data-id=\"b03613c\" data-element_type=\"column\">\n\t\t\t<div class=\"elementor-widget-wrap elementor-element-populated\">\n\t\t\t\t\t\t\t\t<section class=\"elementor-section elementor-inner-section elementor-element elementor-element-52fbb31 elementor-section-full_width elementor-section-height-default elementor-section-height-default\" data-id=\"52fbb31\" data-element_type=\"section\">\n\t\t\t\t\t\t<div class=\"elementor-container elementor-column-gap-default\">\n\t\t\t\t\t<div class=\"elementor-column elementor-col-33 elementor-inner-column elementor-element elementor-element-0c46086\" data-id=\"0c46086\" data-element_type=\"column\">\n\t\t\t<div class=\"elementor-widget-wrap elementor-element-populated\">\n\t\t\t\t\t\t\t\t<div class=\"elementor-element elementor-element-0b86b6a elementor-shape-rounded elementor-grid-0 e-grid-align-center elementor-widget elementor-widget-social-icons\" data-id=\"0b86b6a\" data-element_type=\"widget\" data-widget_type=\"social-icons.default\">\n\t\t\t\t<div class=\"elementor-widget-container\">\n\t\t\t\t\t<div class=\"elementor-social-icons-wrapper elementor-grid\">\n\t\t\t\t\t\t\t<span class=\"elementor-grid-item\">\n\t\t\t\t\t<a class=\"elementor-icon elementor-social-icon elementor-social-icon-facebook elementor-repeater-item-e677392\" href=\"https:\/\/www.facebook.com\/FundacionHechoBolivia\/\" target=\"_blank\">\n\t\t\t\t\t\t<span class=\"elementor-screen-only\">Facebook<\/span>\n\t\t\t\t\t\t<i class=\"fab fa-facebook\"><\/i>\t\t\t\t\t<\/a>\n\t\t\t\t<\/span>\n\t\t\t\t\t\t\t<span class=\"elementor-grid-item\">\n\t\t\t\t\t<a class=\"elementor-icon elementor-social-icon elementor-social-icon-youtube elementor-repeater-item-351e493\" href=\"https:\/\/www.youtube.com\/channel\/UCmrdnziOy67OzB587EJtAdA\" target=\"_blank\">\n\t\t\t\t\t\t<span class=\"elementor-screen-only\">Youtube<\/span>\n\t\t\t\t\t\t<i class=\"fab fa-youtube\"><\/i>\t\t\t\t\t<\/a>\n\t\t\t\t<\/span>\n\t\t\t\t\t<\/div>\n\t\t\t\t<\/div>\n\t\t\t\t<\/div>\n\t\t\t\t<div class=\"elementor-element elementor-element-606724c elementor-widget elementor-widget-counter\" data-id=\"606724c\" data-element_type=\"widget\" data-widget_type=\"counter.default\">\n\t\t\t\t<div class=\"elementor-widget-container\">\n\t\t\t\t\t<div class=\"elementor-counter\">\n\t\t\t<div class=\"elementor-counter-number-wrapper\">\n\t\t\t\t<span class=\"elementor-counter-number-prefix\"><\/span>\n\t\t\t\t<span class=\"elementor-counter-number\" data-duration=\"2000\" data-to-value=\"11657\" data-from-value=\"0\" data-delimiter=\",\">0<\/span>\n\t\t\t\t<span class=\"elementor-counter-number-suffix\"><\/span>\n\t\t\t<\/div>\n\t\t\t\t\t\t\t<div class=\"elementor-counter-title\">Seguidores<\/div>\n\t\t\t\t\t<\/div>\n\t\t\t\t<\/div>\n\t\t\t\t<\/div>\n\t\t\t\t\t<\/div>\n\t\t<\/div>\n\t\t\t\t<div class=\"elementor-column elementor-col-33 elementor-inner-column elementor-element elementor-element-e843db0\" data-id=\"e843db0\" data-element_type=\"column\">\n\t\t\t<div class=\"elementor-widget-wrap elementor-element-populated\">\n\t\t\t\t\t\t\t\t<div class=\"elementor-element elementor-element-75975df elementor-widget elementor-widget-heading\" data-id=\"75975df\" data-element_type=\"widget\" data-widget_type=\"heading.default\">\n\t\t\t\t<div class=\"elementor-widget-container\">\n\t\t\t<h2 class=\"elementor-heading-title elementor-size-medium\">CONTACTENOS: FUNDACI\u00d3N HECHO EN BOLIVIA<\/h2>\t\t<\/div>\n\t\t\t\t<\/div>\n\t\t\t\t<div class=\"elementor-element elementor-element-6b647be elementor-widget elementor-widget-heading\" data-id=\"6b647be\" data-element_type=\"widget\" data-widget_type=\"heading.default\">\n\t\t\t\t<div class=\"elementor-widget-container\">\n\t\t\t<h2 class=\"elementor-heading-title elementor-size-small\">Av. Melchor Urquidi No. 1958, entre Pje. Vega y C. Jos\u00e9 Antonio Rico Toro, Cochabamba<br>\nWhatsApp: 71411888\n<\/h2>\t\t<\/div>\n\t\t\t\t<\/div>\n\t\t\t\t\t<\/div>\n\t\t<\/div>\n\t\t\t\t<div class=\"elementor-column elementor-col-33 elementor-inner-column elementor-element elementor-element-4d502ea\" data-id=\"4d502ea\" data-element_type=\"column\">\n\t\t\t<div class=\"elementor-widget-wrap elementor-element-populated\">\n\t\t\t\t\t\t\t\t<div class=\"elementor-element elementor-element-9dc7277 elementor-widget elementor-widget-heading\" data-id=\"9dc7277\" data-element_type=\"widget\" data-widget_type=\"heading.default\">\n\t\t\t\t<div class=\"elementor-widget-container\">\n\t\t\t<h2 class=\"elementor-heading-title elementor-size-medium\">PARA MAYOR INFORMACI\u00d3N ESCRIBENOS AL:<\/h2>\t\t<\/div>\n\t\t\t\t<\/div>\n\t\t\t\t<div class=\"elementor-element elementor-element-86bf4ca elementor-widget elementor-widget-heading\" data-id=\"86bf4ca\" data-element_type=\"widget\" data-widget_type=\"heading.default\">\n\t\t\t\t<div class=\"elementor-widget-container\">\n\t\t\t<h2 class=\"elementor-heading-title elementor-size-small\">fundacionhechoenbolivia@gmail.com<\/h2>\t\t<\/div>\n\t\t\t\t<\/div>\n\t\t\t\t\t<\/div>\n\t\t<\/div>\n\t\t\t\t\t\t\t<\/div>\n\t\t<\/section>\n\t\t\t\t\t<\/div>\n\t\t<\/div>\n\t\t\t\t\t\t\t<\/div>\n\t\t<\/section>\n\t\t\t\t\t\t<\/div>\n\t\t\t\t\t<\/div>\n\t\t","protected":false},"excerpt":{"rendered":"<p>INICIO LA FUNDACI\u00d3N OBJETIVOS DE LA RED DONACIONES VOLUNTARIAS FORM. REGISTRO ASISTENCIA TECNICA MARCAS LA FUNDACION HECHO EN BOLIVIA La Fundaci\u00f3n Hecho en Bolivia, cuenta con Personalidad Jur\u00eddica (R.M. N\u00b0030\/2016), para desarrollar actividades no financieras en todos los Departamentos que comprenden el territorio del Estado Plurinacional de Bolivia. LA FUNDACI\u00d3N es una persona jur\u00eddica de [&hellip;]<\/p>\n","protected":false},"author":1,"featured_media":0,"parent":0,"menu_order":0,"comment_status":"closed","ping_status":"closed","template":"elementor_canvas","meta":{"footnotes":""},"class_list":["post-232","page","type-page","status-publish","hentry"],"_links":{"self":[{"href":"https:\/\/www.fundacionhechoenbolivia.com\/redmarcas\/wp-json\/wp\/v2\/pages\/232","targetHints":{"allow":["GET"]}}],"collection":[{"href":"https:\/\/www.fundacionhechoenbolivia.com\/redmarcas\/wp-json\/wp\/v2\/pages"}],"about":[{"href":"https:\/\/www.fundacionhechoenbolivia.com\/redmarcas\/wp-json\/wp\/v2\/types\/page"}],"author":[{"embeddable":true,"href":"https:\/\/www.fundacionhechoenbolivia.com\/redmarcas\/wp-json\/wp\/v2\/users\/1"}],"replies":[{"embeddable":true,"href":"https:\/\/www.fundacionhechoenbolivia.com\/redmarcas\/wp-json\/wp\/v2\/comments?post=232"}],"version-history":[{"count":33,"href":"https:\/\/www.fundacionhechoenbolivia.com\/redmarcas\/wp-json\/wp\/v2\/pages\/232\/revisions"}],"predecessor-version":[{"id":3895,"href":"https:\/\/www.fundacionhechoenbolivia.com\/redmarcas\/wp-json\/wp\/v2\/pages\/232\/revisions\/3895"}],"wp:attachment":[{"href":"https:\/\/www.fundacionhechoenbolivia.com\/redmarcas\/wp-json\/wp\/v2\/media?parent=232"}],"curies":[{"name":"wp","href":"https:\/\/api.w.org\/{rel}","templated":true}]}}